{"id":25,"date":"2021-01-21T13:40:39","date_gmt":"2021-01-21T12:40:39","guid":{"rendered":"https:\/\/jeanchapuis.fr\/?page_id=25"},"modified":"2021-01-22T18:41:02","modified_gmt":"2021-01-22T17:41:02","slug":"a-propos","status":"publish","type":"page","link":"https:\/\/jeanchapuis.fr\/index.php\/a-propos\/","title":{"rendered":"\u00c0 propos"},"content":{"rendered":"<div  class=\"tatsu-ai2IHzxVJg tatsu-section  tatsu-bg-overlay   tatsu-clearfix\" data-title=\"\"  data-headerscheme=\"background--dark\"><div class='tatsu-section-pad clearfix' data-padding='{\"d\":\"90px 0px 160px 0px\"}' data-padding-top='90px'><div class=\"tatsu-row-wrap  tatsu-wrap tatsu-row-has-two-cols tatsu-medium-gutter tatsu-reg-cols  tatsu-clearfix tatsu-w6QuYxC4LP\" ><div  class=\"tatsu-row \" ><div  class=\"tatsu-column  tatsu-bg-overlay tatsu-two-third tatsu-column-image-none tatsu-column-effect-none  tatsu-2qmUA5N13\"  data-parallax-speed=\"0\" style=\"\"><div class=\"tatsu-column-inner \" ><div class=\"tatsu-column-pad-wrap\"><div class=\"tatsu-column-pad\" ><div  class=\"tatsu-single-image tatsu-module tatsu-image-lazyload tatsu-rsRTG8wp6  \" ><div class=\"tatsu-single-image-inner \" style=\"width : 2560px;\" ><div class = \"tatsu-single-image-padding-wrap\" style = \"padding-bottom : 66.25%;\" ><\/div><img class = \"tatsu-gradient-border\" alt = \"Pre\u0301sentation de Jean Chapuis-photographe de nature\" title = \"Pre\u0301sentation-Jean Chapuis-photo\" data-src = \"https:\/\/jeanchapuis.fr\/wp-content\/uploads\/2021\/01\/pre\u0301sentation-low-scaled.jpg\" src =\"data:image\/png;base64,iVBORw0KGgoAAAANSUhEUgAAAAEAAAABCAQAAAC1HAwCAAAAC0lEQVR42mNkYAAAAAYAAjCB0C8AAAAASUVORK5CYII=\"  \/><\/div><style>.tatsu-rsRTG8wp6 .tatsu-single-image-inner{border-style: solid;max-width: 100%;}.tatsu-rsRTG8wp6.tatsu-single-image{transform: translate3d(0px,0px, 0);}<\/style><\/div><\/div><\/div><div class = \"tatsu-column-bg-image-wrap\"><div class = \"tatsu-column-bg-image\" ><\/div><\/div><div class=\"tatsu-overlay tatsu-column-overlay tatsu-animate-none\" ><\/div><\/div><style>.tatsu-row > .tatsu-2qmUA5N13.tatsu-column{width: 66.67%;}.tatsu-2qmUA5N13.tatsu-column > .tatsu-column-inner > .tatsu-column-overlay{mix-blend-mode: normal;}.tatsu-2qmUA5N13 > .tatsu-column-inner > .tatsu-top-divider{z-index: 9999;}.tatsu-2qmUA5N13 > .tatsu-column-inner > .tatsu-bottom-divider{z-index: 9999;}.tatsu-2qmUA5N13 > .tatsu-column-inner > .tatsu-left-divider{z-index: 9999;}.tatsu-2qmUA5N13 > .tatsu-column-inner > .tatsu-right-divider{z-index: 9999;}@media only screen and (max-width:1377px) {.tatsu-row > .tatsu-2qmUA5N13.tatsu-column{width: 66.67%;}}@media only screen and (min-width:768px) and (max-width: 1024px) {.tatsu-row > .tatsu-2qmUA5N13.tatsu-column{width: 66.67%;}}@media only screen and (max-width: 767px) {.tatsu-row > .tatsu-2qmUA5N13.tatsu-column{width: 100%;}}<\/style><\/div><div  class=\"tatsu-column  tatsu-bg-overlay tatsu-one-third tatsu-column-image-none tatsu-column-effect-none  tatsu-dQs6nFrbbR\"  data-parallax-speed=\"0\" style=\"\"><div class=\"tatsu-column-inner \" ><div class=\"tatsu-column-pad-wrap\"><div class=\"tatsu-column-pad\" ><div  class=\"tatsu-module tatsu-inline-text clearfix tatsu-6ZENoU5T8   \" ><style>.tatsu-6ZENoU5T8 .tatsu-inline-text-inner{width: 100%;text-align: left;border-radius: 10px;}.tatsu-6ZENoU5T8.tatsu-inline-text{margin: 0px 0px 20px 0px;}@media only screen and (max-width: 767px) {.tatsu-6ZENoU5T8 .tatsu-inline-text-inner{width: 100%;}}<\/style><div class=\"tatsu-inline-text-inner \">\n<h3><span style=\"color: #6a6a6a;\">Jean Chapuis<\/span><br \/><span style=\"color: #6a6a6a;\">N&eacute; en 1951, Charquemont (25140)<\/span><\/h3>\n<\/div><\/div><div  class=\"tatsu-jkmgELyfU3 testimonials_wrap oshine-module\"  ><div class=\"testimonials-slides\"><div class=\"clearfix testimonial_module slides left-content\" data-slide-show=\"1\" data-slide-show-speed=\"4000\" data-slide-animation-type=\"slide\" data-pagination=\"0\"><div class=\"testimonial_slide slide clearfix tatsu-4UTW_fdhl\"><div class=\"testimonial_slide_inner\"><i class=\"font-icon icon-quote\" ><\/i><div class=\"testimonial-content\">\n<h6><span class=\"s1\"> J\u2019ai toujours \u00e9t\u00e9 \u00e9merveill\u00e9 et passionn\u00e9 par la nature, l\u2019\u00e9ternelle magie des saisons et le grand mouvement de la vie qui nous entoure et qui triomphe toujours, et cela constitue une source in\u00e9puisable de s\u00e9r\u00e9nit\u00e9 et d\u2019inspiration.<\/span><\/h6>\n<h6><span class=\"s1\">Avec la photographie on peut capturer et partager les belles rencontres et aventures que la nature et la vie sauvage nous procure au quotidien, c\u2019est un r\u00eave \u00e9ph\u00e9m\u00e8re, le temps passe mais l\u2019\u00e9motion reste.<\/span><\/h6>\n<\/div><div class=\"testimonial-author-info-wrap clearfix\"><div class=\"testimonial-author-info\"><\/div><\/div><\/div><\/div><\/div><\/div><style>.tatsu-jkmgELyfU3 .testimonial-content{font-size: 20px;}<\/style><\/div><\/div><\/div><div class = \"tatsu-column-bg-image-wrap\"><div class = \"tatsu-column-bg-image\" ><\/div><\/div><div class=\"tatsu-overlay tatsu-column-overlay tatsu-animate-none\" ><\/div><\/div><style>.tatsu-row > .tatsu-dQs6nFrbbR.tatsu-column{width: 33.33%;}.tatsu-dQs6nFrbbR.tatsu-column > .tatsu-column-inner > .tatsu-column-overlay{mix-blend-mode: normal;}.tatsu-dQs6nFrbbR > .tatsu-column-inner > .tatsu-top-divider{z-index: 9999;}.tatsu-dQs6nFrbbR > .tatsu-column-inner > .tatsu-bottom-divider{z-index: 9999;}.tatsu-dQs6nFrbbR > .tatsu-column-inner > .tatsu-left-divider{z-index: 9999;}.tatsu-dQs6nFrbbR > .tatsu-column-inner > .tatsu-right-divider{z-index: 9999;}@media only screen and (max-width:1377px) {.tatsu-row > .tatsu-dQs6nFrbbR.tatsu-column{width: 33.33%;}}@media only screen and (min-width:768px) and (max-width: 1024px) {.tatsu-row > .tatsu-dQs6nFrbbR.tatsu-column{width: 33.33%;}}@media only screen and (max-width: 767px) {.tatsu-row > .tatsu-dQs6nFrbbR.tatsu-column{width: 100%;}}<\/style><\/div><\/div><\/div><div class=\"tatsu-row-wrap  tatsu-wrap tatsu-row-has-two-cols tatsu-medium-gutter tatsu-reg-cols  tatsu-clearfix tatsu-TDBlQbGgRp\" ><style>.tatsu-TDBlQbGgRp > .tatsu-row{margin-top: 0px;}.tatsu-TDBlQbGgRp.tatsu-row-wrap > .tatsu-row{margin-bottom: -70px;}<\/style><div  class=\"tatsu-row \" ><div  class=\"tatsu-column  tatsu-bg-overlay tatsu-two-third tatsu-column-image-none tatsu-column-effect-none  tatsu-yILKByzB2\"  data-parallax-speed=\"0\" style=\"\"><div class=\"tatsu-column-inner \" ><div class=\"tatsu-column-pad-wrap\"><div class=\"tatsu-column-pad\" ><div  class=\"tatsu-IMEOUzVaZV testimonials_wrap oshine-module\"  ><div class=\"testimonials-slides\"><div class=\"clearfix testimonial_module slides right-content\" data-slide-show=\"1\" data-slide-show-speed=\"4000\" data-slide-animation-type=\"slide\" data-pagination=\"0\"><div class=\"testimonial_slide slide clearfix tatsu-1PoteQyJx\"><div class=\"testimonial_slide_inner\"><i class=\"font-icon icon-quote\" ><\/i><div class=\"testimonial-content\">\n<h6 class=\"p1\"><span class=\"s1\">La peinture est une autre aventure quotidienne, paysages, abstraction, ou actuellement le portrait dans un style contemporain qui permet de plonger dans l\u2019\u00e2me de ses mod\u00e8les pour essayer de capturer une expression\u00a0fugitive et susciter une \u00e9motion chez le spectateur.<\/span><\/h6>\n<h6 class=\"p1\"><span class=\"s1\"> Avec la photographie et la peinture on ressent un sentiment de libert\u00e9, d\u2019\u00e9panouissement et de sensations positives, c\u2019est un l\u00e2cher-prise loin de la rumeur et de l\u2019agitation du monde, on exp\u00e9rimente le grand myst\u00e8re de la vie, on essaye de capturer et partager quelque chose qui nous d\u00e9passe.<\/span><\/h6>\n<\/div><div class=\"testimonial-author-info-wrap clearfix\"><div class=\"testimonial-author-info\"><\/div><\/div><\/div><\/div><\/div><\/div><style>.tatsu-IMEOUzVaZV .testimonial-content{font-size: 22px;}<\/style><\/div><\/div><\/div><div class = \"tatsu-column-bg-image-wrap\"><div class = \"tatsu-column-bg-image\" ><\/div><\/div><div class=\"tatsu-overlay tatsu-column-overlay tatsu-animate-none\" ><\/div><\/div><style>.tatsu-row > .tatsu-yILKByzB2.tatsu-column{width: 66.67%;}.tatsu-yILKByzB2.tatsu-column > .tatsu-column-inner > .tatsu-column-overlay{mix-blend-mode: normal;}.tatsu-yILKByzB2 > .tatsu-column-inner > .tatsu-top-divider{z-index: 9999;}.tatsu-yILKByzB2 > .tatsu-column-inner > .tatsu-bottom-divider{z-index: 9999;}.tatsu-yILKByzB2 > .tatsu-column-inner > .tatsu-left-divider{z-index: 9999;}.tatsu-yILKByzB2 > .tatsu-column-inner > .tatsu-right-divider{z-index: 9999;}@media only screen and (max-width:1377px) {.tatsu-row > .tatsu-yILKByzB2.tatsu-column{width: 66.67%;}}@media only screen and (min-width:768px) and (max-width: 1024px) {.tatsu-row > .tatsu-yILKByzB2.tatsu-column{width: 66.67%;}}@media only screen and (max-width: 767px) {.tatsu-row > .tatsu-yILKByzB2.tatsu-column{width: 100%;}}<\/style><\/div><div  class=\"tatsu-column  tatsu-bg-overlay tatsu-one-third tatsu-column-image-none tatsu-column-effect-none  tatsu-qity4B_eTQ\"  data-parallax-speed=\"0\" style=\"\"><div class=\"tatsu-column-inner \" ><div class=\"tatsu-column-pad-wrap\"><div class=\"tatsu-column-pad\" ><div  class=\"tatsu-single-image tatsu-module tatsu-image-lazyload tatsu-XgMgcFEpL  \" ><div class=\"tatsu-single-image-inner \" style=\"width : 1200px;\" ><div class = \"tatsu-single-image-padding-wrap\" style = \"padding-bottom : 133.25%;\" ><\/div><img class = \"tatsu-gradient-border\" alt = \"Pre\u0301sentation de Jean Chapuis-artiste peintre\" title = \"Pre\u0301sentation de Jean Chapuis-artiste peintre\" data-src = \"https:\/\/jeanchapuis.fr\/wp-content\/uploads\/2021\/01\/jean-peinture-low.jpg\" src =\"data:image\/png;base64,iVBORw0KGgoAAAANSUhEUgAAAAEAAAABCAQAAAC1HAwCAAAAC0lEQVR42mNkYAAAAAYAAjCB0C8AAAAASUVORK5CYII=\"  \/><\/div><style>.tatsu-XgMgcFEpL .tatsu-single-image-inner{border-style: solid;max-width: 100%;}.tatsu-XgMgcFEpL.tatsu-single-image{transform: translate3d(0px,0px, 0);}<\/style><\/div><\/div><\/div><div class = \"tatsu-column-bg-image-wrap\"><div class = \"tatsu-column-bg-image\" ><\/div><\/div><div class=\"tatsu-overlay tatsu-column-overlay tatsu-animate-none\" ><\/div><\/div><style>.tatsu-row > .tatsu-qity4B_eTQ.tatsu-column{width: 33.33%;}.tatsu-qity4B_eTQ.tatsu-column > .tatsu-column-inner > .tatsu-column-overlay{mix-blend-mode: normal;}.tatsu-qity4B_eTQ > .tatsu-column-inner > .tatsu-top-divider{z-index: 9999;}.tatsu-qity4B_eTQ > .tatsu-column-inner > .tatsu-bottom-divider{z-index: 9999;}.tatsu-qity4B_eTQ > .tatsu-column-inner > .tatsu-left-divider{z-index: 9999;}.tatsu-qity4B_eTQ > .tatsu-column-inner > .tatsu-right-divider{z-index: 9999;}@media only screen and (max-width:1377px) {.tatsu-row > .tatsu-qity4B_eTQ.tatsu-column{width: 33.33%;}}@media only screen and (min-width:768px) and (max-width: 1024px) {.tatsu-row > .tatsu-qity4B_eTQ.tatsu-column{width: 33.33%;}}@media only screen and (max-width: 767px) {.tatsu-row > .tatsu-qity4B_eTQ.tatsu-column{width: 100%;}}<\/style><\/div><\/div><\/div><\/div><div class=\"tatsu-section-background-wrap\"><div class = \"tatsu-section-background\" ><\/div><\/div><div class=\"tatsu-overlay tatsu-section-overlay\"><\/div><style>.tatsu-ai2IHzxVJg .tatsu-section-pad{padding: 90px 0px 160px 0px;}.tatsu-ai2IHzxVJg .tatsu-section-offset-wrap{transform: translateY(-0px);}.tatsu-ai2IHzxVJg > .tatsu-bottom-divider{z-index: 9999;}.tatsu-ai2IHzxVJg > .tatsu-top-divider{z-index: 9999;}.tatsu-ai2IHzxVJg .tatsu-section-overlay{mix-blend-mode: normal;}<\/style><\/div>\n","protected":false},"excerpt":{"rendered":"<p><a href=\"https:\/\/jeanchapuis.fr\/index.php\/a-propos\/\" class=\"more-link style1-button\">Read More<\/a><\/p>","protected":false},"author":1,"featured_media":0,"parent":0,"menu_order":0,"comment_status":"closed","ping_status":"closed","template":"","meta":{"footnotes":""},"_links":{"self":[{"href":"https:\/\/jeanchapuis.fr\/index.php\/wp-json\/wp\/v2\/pages\/25"}],"collection":[{"href":"https:\/\/jeanchapuis.fr\/index.php\/wp-json\/wp\/v2\/pages"}],"about":[{"href":"https:\/\/jeanchapuis.fr\/index.php\/wp-json\/wp\/v2\/types\/page"}],"author":[{"embeddable":true,"href":"https:\/\/jeanchapuis.fr\/index.php\/wp-json\/wp\/v2\/users\/1"}],"replies":[{"embeddable":true,"href":"https:\/\/jeanchapuis.fr\/index.php\/wp-json\/wp\/v2\/comments?post=25"}],"version-history":[{"count":26,"href":"https:\/\/jeanchapuis.fr\/index.php\/wp-json\/wp\/v2\/pages\/25\/revisions"}],"predecessor-version":[{"id":132,"href":"https:\/\/jeanchapuis.fr\/index.php\/wp-json\/wp\/v2\/pages\/25\/revisions\/132"}],"wp:attachment":[{"href":"https:\/\/jeanchapuis.fr\/index.php\/wp-json\/wp\/v2\/media?parent=25"}],"curies":[{"name":"wp","href":"https:\/\/api.w.org\/{rel}","templated":true}]}}