{"id":23,"date":"2021-01-21T13:39:20","date_gmt":"2021-01-21T12:39:20","guid":{"rendered":"https:\/\/jeanchapuis.fr\/?page_id=23"},"modified":"2022-01-13T14:23:30","modified_gmt":"2022-01-13T13:23:30","slug":"photo","status":"publish","type":"page","link":"https:\/\/jeanchapuis.fr\/index.php\/photo\/","title":{"rendered":"Photo"},"content":{"rendered":"<div  class=\"tatsu--EL5p0cDHb tatsu-section  tatsu-bg-overlay   tatsu-clearfix\" data-title=\"\"  data-headerscheme=\"background--dark\"><div class='tatsu-section-pad clearfix' data-padding='{\"d\":\"90px 0px 90px 0px\"}' data-padding-top='90px'><div class=\"tatsu-row-wrap  tatsu-wrap tatsu-row-one-col tatsu-row-has-one-cols tatsu-medium-gutter tatsu-reg-cols  tatsu-clearfix tatsu-HJgIArN7-_\" ><div  class=\"tatsu-row \" ><div  class=\"tatsu-column  tatsu-bg-overlay tatsu-one-col tatsu-column-image-none tatsu-column-effect-none  tatsu-r1U0HE7-_\"  data-parallax-speed=\"0\" style=\"\"><div class=\"tatsu-column-inner \" ><div class=\"tatsu-column-pad-wrap\"><div class=\"tatsu-column-pad\" ><div  class=\"tatsu-module tatsu-inline-text clearfix tatsu-SJqRBEQZu   \" ><style>.tatsu-SJqRBEQZu .tatsu-inline-text-inner{width: 100%;text-align: left;}@media only screen and (max-width: 767px) {.tatsu-SJqRBEQZu .tatsu-inline-text-inner{width: 100%;}}<\/style><div class=\"tatsu-inline-text-inner tatsu-align-center\">\n<h1 style=\"text-align: center;\">Galerie photo<\/h1>\n<\/div><\/div><div  class=\"tatsu-module tatsu-inline-text clearfix tatsu-ByxbLEmWO   \" ><style>.tatsu-ByxbLEmWO .tatsu-inline-text-inner{width: 100%;text-align: center;}.tatsu-ByxbLEmWO.tatsu-inline-text{margin: 0px 0px 5px 0px;}@media only screen and (max-width: 767px) {.tatsu-ByxbLEmWO .tatsu-inline-text-inner{width: 100%;}}<\/style><div class=\"tatsu-inline-text-inner tatsu-align-center\">\n<h2>D\u00e9couvrez la beaut\u00e9 de la nature \u00e0 travers les saisons<\/h2>\n<\/div><\/div><\/div><\/div><div class = \"tatsu-column-bg-image-wrap\"><div class = \"tatsu-column-bg-image\" ><\/div><\/div><div class=\"tatsu-overlay tatsu-column-overlay tatsu-animate-none\" ><\/div><\/div><style>.tatsu-row > .tatsu-r1U0HE7-_.tatsu-column{width: 100%;}.tatsu-r1U0HE7-_.tatsu-column > .tatsu-column-inner > .tatsu-column-overlay{mix-blend-mode: normal;}.tatsu-r1U0HE7-_ > .tatsu-column-inner > .tatsu-top-divider{z-index: 9999;}.tatsu-r1U0HE7-_ > .tatsu-column-inner > .tatsu-bottom-divider{z-index: 9999;}.tatsu-r1U0HE7-_ > .tatsu-column-inner > .tatsu-left-divider{z-index: 9999;}.tatsu-r1U0HE7-_ > .tatsu-column-inner > .tatsu-right-divider{z-index: 9999;}@media only screen and (max-width:1377px) {.tatsu-row > .tatsu-r1U0HE7-_.tatsu-column{width: 100%;}}@media only screen and (min-width:768px) and (max-width: 1024px) {.tatsu-row > .tatsu-r1U0HE7-_.tatsu-column{width: 100%;}}@media only screen and (max-width: 767px) {.tatsu-row > .tatsu-r1U0HE7-_.tatsu-column{width: 100%;}}<\/style><\/div><\/div><\/div><div class=\"tatsu-row-wrap  tatsu-wrap tatsu-row-one-col tatsu-row-has-one-cols tatsu-medium-gutter tatsu-reg-cols  tatsu-clearfix tatsu-lHU6rRSatn\" ><div  class=\"tatsu-row \" ><div  class=\"tatsu-column  tatsu-bg-overlay tatsu-one-col tatsu-column-image-none tatsu-column-effect-none  tatsu-75wucTSbH\"  data-parallax-speed=\"0\" style=\"\"><div class=\"tatsu-column-inner \" ><div class=\"tatsu-column-pad-wrap\"><div class=\"tatsu-column-pad\" ><div  class = \"portfolio-all-wrap oshine-portfolio-module tatsu-MofR-8LRo\"  > <div class=\"portfolio full-screen  full-screen-gutter masonry_disable style2-gutter two-col \"  data-action=\"get_ajax_full_screen_gutter_portfolio\" data-category=\"la-gloire-du-printemps,hiver,ete,automne\" data-aspect-ratio = \"1.6\" data-enable-masonry=\"0\" data-showposts=\"9\" data-paged=\"2\" data-col=\"two\" data-gallery=\"0\" data-filter=\"portfolio_categories\" data-meta_to_show=\"portfolio_tags\" data-show_filters=\"no\" data-thumbnail-bg-color=\"\" data-thumbnail-bg-gradient=\"\" data-title-style=\"style3\" data-cat-color=\"\" data-title-color=\"\" data-hover-style=\"style5-hover\"  data-gutter-width=\"40\" data-img-grayscale=\"c_to_c\" data-image-effect=\"zoom-in\"\" data-gradient-style-color=\"\" data-cat-hide=\"1\" data-like-indicator=\"1\" style=\"margin-left: -40px;\"><div class=\"portfolio-container clickable clearfix portfolio-shortcode  none \"><div class=\"element be-hoverlay not-wide no-wide-width-height style5-hover c_to_c style3-title\"style=\"margin-bottom: 40px;\" data-category-names = \"\"><div class=\"element-inner\" style=\"margin-left: 40px;\"><a href=\"https:\/\/jeanchapuis.fr\/index.php\/portfolio\/printemps\/\" class=\" thumb-wrap   \" data-gdpr-atts={} title=\"La gloire du printemps\" ><div class=\"flip-wrap\" ><div   style = \"padding-bottom : 62.5%;;\" class=\"flip-img-wrap zoom-in-effect\"><img decoding=\"async\" src=\"https:\/\/jeanchapuis.fr\/wp-content\/uploads\/2021\/01\/DSC_0134-copie-copie-1000x625.jpg\" alt=\"La gloire du printemps\"\/><\/div><\/div><div class=\"thumb-overlay \"><div class=\"thumb-bg \" ><div class=\"thumb-title-wrap \"><div class=\"thumb-title animated animation-trigger\" data-animation-type=\"none\">La gloire du printemps<\/div><\/div><\/div><\/div><\/a><\/div><\/div><div class=\"element be-hoverlay not-wide no-wide-width-height style5-hover c_to_c style3-title\"style=\"margin-bottom: 40px;\" data-category-names = \"\"><div class=\"element-inner\" style=\"margin-left: 40px;\"><a href=\"https:\/\/jeanchapuis.fr\/index.php\/portfolio\/ete\/\" class=\" thumb-wrap   \" data-gdpr-atts={} title=\"Le triomphe de l'\u00e9t\u00e9\" ><div class=\"flip-wrap\" ><div   style = \"padding-bottom : 62.5%;;\" class=\"flip-img-wrap zoom-in-effect\"><img decoding=\"async\" src=\"https:\/\/jeanchapuis.fr\/wp-content\/uploads\/2021\/02\/403-copie-1000x625.jpg\" alt=\"Le triomphe de l'\u00e9t\u00e9\"\/><\/div><\/div><div class=\"thumb-overlay \"><div class=\"thumb-bg \" ><div class=\"thumb-title-wrap \"><div class=\"thumb-title animated animation-trigger\" data-animation-type=\"none\">Le triomphe de l\u2019\u00e9t\u00e9<\/div><\/div><\/div><\/div><\/a><\/div><\/div><div class=\"element be-hoverlay not-wide no-wide-width-height style5-hover c_to_c style3-title\"style=\"margin-bottom: 40px;\" data-category-names = \"\"><div class=\"element-inner\" style=\"margin-left: 40px;\"><a href=\"https:\/\/jeanchapuis.fr\/index.php\/portfolio\/automne\/\" class=\" thumb-wrap   \" data-gdpr-atts={} title=\"Un automne flamboyant\" ><div class=\"flip-wrap\" ><div   style = \"padding-bottom : 62.5%;;\" class=\"flip-img-wrap zoom-in-effect\"><img decoding=\"async\" src=\"https:\/\/jeanchapuis.fr\/wp-content\/uploads\/2021\/02\/DSC_9502-copie-copie-1000x625.jpg\" alt=\"Un automne flamboyant\"\/><\/div><\/div><div class=\"thumb-overlay \"><div class=\"thumb-bg \" ><div class=\"thumb-title-wrap \"><div class=\"thumb-title animated animation-trigger\" data-animation-type=\"none\">Un automne flamboyant<\/div><\/div><\/div><\/div><\/a><\/div><\/div><div class=\"element be-hoverlay not-wide no-wide-width-height style5-hover c_to_c style3-title\"style=\"margin-bottom: 40px;\" data-category-names = \"\"><div class=\"element-inner\" style=\"margin-left: 40px;\"><a href=\"https:\/\/jeanchapuis.fr\/index.php\/portfolio\/hiver\/\" class=\" thumb-wrap   \" data-gdpr-atts={} title=\"La magie de l'hiver\" ><div class=\"flip-wrap\" ><div   style = \"padding-bottom : 62.5%;;\" class=\"flip-img-wrap zoom-in-effect\"><img decoding=\"async\" src=\"https:\/\/jeanchapuis.fr\/wp-content\/uploads\/2021\/02\/DSC_1145-copie-copie-1000x625.jpg\" alt=\"La magie de l'hiver\"\/><\/div><\/div><div class=\"thumb-overlay \"><div class=\"thumb-bg \" ><div class=\"thumb-title-wrap \"><div class=\"thumb-title animated animation-trigger\" data-animation-type=\"none\">La magie de l\u2019hiver<\/div><\/div><\/div><\/div><\/a><\/div><\/div><\/div><\/div><\/div><\/div><\/div><div class = \"tatsu-column-bg-image-wrap\"><div class = \"tatsu-column-bg-image\" ><\/div><\/div><div class=\"tatsu-overlay tatsu-column-overlay tatsu-animate-none\" ><\/div><\/div><style>.tatsu-row > .tatsu-75wucTSbH.tatsu-column{width: 100%;}.tatsu-75wucTSbH.tatsu-column > .tatsu-column-inner > .tatsu-column-overlay{mix-blend-mode: normal;}.tatsu-75wucTSbH > .tatsu-column-inner > .tatsu-top-divider{z-index: 9999;}.tatsu-75wucTSbH > .tatsu-column-inner > .tatsu-bottom-divider{z-index: 9999;}.tatsu-75wucTSbH > .tatsu-column-inner > .tatsu-left-divider{z-index: 9999;}.tatsu-75wucTSbH > .tatsu-column-inner > .tatsu-right-divider{z-index: 9999;}@media only screen and (max-width:1377px) {.tatsu-row > .tatsu-75wucTSbH.tatsu-column{width: 100%;}}@media only screen and (min-width:768px) and (max-width: 1024px) {.tatsu-row > .tatsu-75wucTSbH.tatsu-column{width: 100%;}}@media only screen and (max-width: 767px) {.tatsu-row > .tatsu-75wucTSbH.tatsu-column{width: 100%;}}<\/style><\/div><\/div><\/div><\/div><div class=\"tatsu-section-background-wrap\"><div class = \"tatsu-section-background\" ><\/div><\/div><div class=\"tatsu-overlay tatsu-section-overlay\"><\/div><style>.tatsu--EL5p0cDHb .tatsu-section-pad{padding: 90px 0px 90px 0px;}.tatsu--EL5p0cDHb .tatsu-section-offset-wrap{transform: translateY(-0px);}.tatsu--EL5p0cDHb > .tatsu-bottom-divider{z-index: 9999;}.tatsu--EL5p0cDHb > .tatsu-top-divider{z-index: 9999;}.tatsu--EL5p0cDHb .tatsu-section-overlay{mix-blend-mode: normal;}<\/style><\/div><div  class=\"tatsu-S1i6OcQXu tatsu-section  tatsu-bg-overlay   tatsu-clearfix\" data-title=\"\"  data-headerscheme=\"background--dark\"><div class='tatsu-section-pad clearfix' data-padding='{\"d\":\"90px 0px 90px 0px\"}' data-padding-top='90px'><div class=\"tatsu-row-wrap  tatsu-wrap tatsu-row-one-col tatsu-row-has-one-cols tatsu-medium-gutter tatsu-reg-cols  tatsu-clearfix tatsu-SkxoTd9mmd\" ><div  class=\"tatsu-row \" ><div  class=\"tatsu-column  tatsu-bg-overlay tatsu-one-col tatsu-column-image-none tatsu-column-effect-none  tatsu-S1-jTOc77O\"  data-parallax-speed=\"0\" style=\"\"><div class=\"tatsu-column-inner \" ><div class=\"tatsu-column-pad-wrap\"><div class=\"tatsu-column-pad\" ><div  class=\"tatsu-module tatsu-inline-text clearfix tatsu-Byfi6O97Xd   \" ><style>.tatsu-Byfi6O97Xd .tatsu-inline-text-inner{width: 100%;text-align: left;}@media only screen and (max-width: 767px) {.tatsu-Byfi6O97Xd .tatsu-inline-text-inner{width: 100%;}}<\/style><div class=\"tatsu-inline-text-inner tatsu-align-center\">\n<h1 style=\"text-align: center;\">Saison 2021<\/h1>\n<\/div><\/div><div  class=\"tatsu-module tatsu-inline-text clearfix tatsu-SJQipO577d   \" ><style>.tatsu-SJQipO577d .tatsu-inline-text-inner{width: 100%;text-align: center;}.tatsu-SJQipO577d.tatsu-inline-text{margin: 0px 0px 5px 0px;}@media only screen and (max-width: 767px) {.tatsu-SJQipO577d .tatsu-inline-text-inner{width: 100%;}}<\/style><div class=\"tatsu-inline-text-inner tatsu-align-center\">\n<h2>retour sur les coups de coeur du mois<\/h2>\n<\/div><\/div><\/div><\/div><div class = \"tatsu-column-bg-image-wrap\"><div class = \"tatsu-column-bg-image\" ><\/div><\/div><div class=\"tatsu-overlay tatsu-column-overlay tatsu-animate-none\" ><\/div><\/div><style>.tatsu-row > .tatsu-S1-jTOc77O.tatsu-column{width: 100%;}.tatsu-S1-jTOc77O.tatsu-column > .tatsu-column-inner > .tatsu-column-overlay{mix-blend-mode: normal;}.tatsu-S1-jTOc77O > .tatsu-column-inner > .tatsu-top-divider{z-index: 9999;}.tatsu-S1-jTOc77O > .tatsu-column-inner > .tatsu-bottom-divider{z-index: 9999;}.tatsu-S1-jTOc77O > .tatsu-column-inner > .tatsu-left-divider{z-index: 9999;}.tatsu-S1-jTOc77O > .tatsu-column-inner > .tatsu-right-divider{z-index: 9999;}@media only screen and (max-width:1377px) {.tatsu-row > .tatsu-S1-jTOc77O.tatsu-column{width: 100%;}}@media only screen and (min-width:768px) and (max-width: 1024px) {.tatsu-row > .tatsu-S1-jTOc77O.tatsu-column{width: 100%;}}@media only screen and (max-width: 767px) {.tatsu-row > .tatsu-S1-jTOc77O.tatsu-column{width: 100%;}}<\/style><\/div><\/div><\/div><div class=\"tatsu-row-wrap  tatsu-wrap tatsu-row-one-col tatsu-row-has-one-cols tatsu-medium-gutter tatsu-reg-cols  tatsu-clearfix tatsu-Sy4sT_cXmO\" ><div  class=\"tatsu-row \" ><div  class=\"tatsu-column  tatsu-bg-overlay tatsu-one-col tatsu-column-image-none tatsu-column-effect-none  tatsu-SkHsT_5X7O\"  data-parallax-speed=\"0\" style=\"\"><div class=\"tatsu-column-inner \" ><div class=\"tatsu-column-pad-wrap\"><div class=\"tatsu-column-pad\" ><div  class = \"portfolio-all-wrap oshine-portfolio-module tatsu-SyUoTd5mQd\"  > <div class=\"portfolio full-screen  full-screen-gutter masonry_disable style2-gutter two-col \"  data-action=\"get_ajax_full_screen_gutter_portfolio\" data-category=\"janvier-2021,fevrier-2021,mars-2021,avril-2021,mai-2021,juin-2021,juillet-2021,aout-2021,septembre-2021,octobre-2021,novembre-2021,decembre-2021\" data-aspect-ratio = \"1.6\" data-enable-masonry=\"0\" data-showposts=\"12\" data-paged=\"2\" data-col=\"two\" data-gallery=\"0\" data-filter=\"portfolio_categories\" data-meta_to_show=\"portfolio_tags\" data-show_filters=\"no\" data-thumbnail-bg-color=\"\" data-thumbnail-bg-gradient=\"\" data-title-style=\"style3\" data-cat-color=\"\" data-title-color=\"\" data-hover-style=\"style5-hover\"  data-gutter-width=\"40\" data-img-grayscale=\"c_to_c\" data-image-effect=\"zoom-in\"\" data-gradient-style-color=\"\" data-cat-hide=\"1\" data-like-indicator=\"1\" style=\"margin-left: -40px;\"><div class=\"portfolio-container clickable clearfix portfolio-shortcode  none \"><div class=\"element be-hoverlay not-wide no-wide-width-height style5-hover c_to_c style3-title\"style=\"margin-bottom: 40px;\" data-category-names = \"\"><div class=\"element-inner\" style=\"margin-left: 40px;\"><a href=\"https:\/\/jeanchapuis.fr\/index.php\/portfolio\/decembre-2021\/\" class=\" thumb-wrap   \" data-gdpr-atts={} title=\"Charquemont\" ><div class=\"flip-wrap\" ><div   style = \"padding-bottom : 62.5%;;\" class=\"flip-img-wrap zoom-in-effect\"><img decoding=\"async\" src=\"https:\/\/jeanchapuis.fr\/wp-content\/uploads\/2022\/01\/DJI_0081-low-1000x625.jpg\" alt=\"Charquemont\"\/><\/div><\/div><div class=\"thumb-overlay \"><div class=\"thumb-bg \" ><div class=\"thumb-title-wrap \"><div class=\"thumb-title animated animation-trigger\" data-animation-type=\"none\">D\u00e9cembre 2021<\/div><\/div><\/div><\/div><\/a><\/div><\/div><div class=\"element be-hoverlay not-wide no-wide-width-height style5-hover c_to_c style3-title\"style=\"margin-bottom: 40px;\" data-category-names = \"\"><div class=\"element-inner\" style=\"margin-left: 40px;\"><a href=\"https:\/\/jeanchapuis.fr\/index.php\/portfolio\/novembre-2021\/\" class=\" thumb-wrap   \" data-gdpr-atts={} title=\"\" ><div class=\"flip-wrap\" ><div   style = \"padding-bottom : 62.5%;;\" class=\"flip-img-wrap zoom-in-effect\"><img decoding=\"async\" src=\"https:\/\/jeanchapuis.fr\/wp-content\/uploads\/2022\/01\/DSC_0144-copie-low-1000x625.jpg\" alt=\"\"\/><\/div><\/div><div class=\"thumb-overlay \"><div class=\"thumb-bg \" ><div class=\"thumb-title-wrap \"><div class=\"thumb-title animated animation-trigger\" data-animation-type=\"none\">Novembre 2021<\/div><\/div><\/div><\/div><\/a><\/div><\/div><div class=\"element be-hoverlay not-wide no-wide-width-height style5-hover c_to_c style3-title\"style=\"margin-bottom: 40px;\" data-category-names = \"\"><div class=\"element-inner\" style=\"margin-left: 40px;\"><a href=\"https:\/\/jeanchapuis.fr\/index.php\/portfolio\/octobre-2021\/\" class=\" thumb-wrap   \" data-gdpr-atts={} title=\"Biaufond\" ><div class=\"flip-wrap\" ><div   style = \"padding-bottom : 62.5%;;\" class=\"flip-img-wrap zoom-in-effect\"><img decoding=\"async\" src=\"https:\/\/jeanchapuis.fr\/wp-content\/uploads\/2021\/11\/DSC_2230-low-1000x625.jpg\" alt=\"\"\/><\/div><\/div><div class=\"thumb-overlay \"><div class=\"thumb-bg \" ><div class=\"thumb-title-wrap \"><div class=\"thumb-title animated animation-trigger\" data-animation-type=\"none\">Octobre 2021<\/div><\/div><\/div><\/div><\/a><\/div><\/div><div class=\"element be-hoverlay not-wide no-wide-width-height style5-hover c_to_c style3-title\"style=\"margin-bottom: 40px;\" data-category-names = \"\"><div class=\"element-inner\" style=\"margin-left: 40px;\"><a href=\"https:\/\/jeanchapuis.fr\/index.php\/portfolio\/septembre-2021\/\" class=\" thumb-wrap   \" data-gdpr-atts={} title=\"\" ><div class=\"flip-wrap\" ><div   style = \"padding-bottom : 62.5%;;\" class=\"flip-img-wrap zoom-in-effect\"><img decoding=\"async\" src=\"https:\/\/jeanchapuis.fr\/wp-content\/uploads\/2021\/10\/lowDSC_1722-copie-copie-1000x625.jpg\" alt=\"\"\/><\/div><\/div><div class=\"thumb-overlay \"><div class=\"thumb-bg \" ><div class=\"thumb-title-wrap \"><div class=\"thumb-title animated animation-trigger\" data-animation-type=\"none\">Septembre 2021<\/div><\/div><\/div><\/div><\/a><\/div><\/div><div class=\"element be-hoverlay not-wide no-wide-width-height style5-hover c_to_c style3-title\"style=\"margin-bottom: 40px;\" data-category-names = \"\"><div class=\"element-inner\" style=\"margin-left: 40px;\"><a href=\"https:\/\/jeanchapuis.fr\/index.php\/portfolio\/aout-2021\/\" class=\" thumb-wrap   \" data-gdpr-atts={} title=\"et au milieu coule une rivi\u00e8re\" ><div class=\"flip-wrap\" ><div   style = \"padding-bottom : 62.5%;;\" class=\"flip-img-wrap zoom-in-effect\"><img decoding=\"async\" src=\"https:\/\/jeanchapuis.fr\/wp-content\/uploads\/2021\/09\/DJI_0411-low-1000x625.jpg\" alt=\"\"\/><\/div><\/div><div class=\"thumb-overlay \"><div class=\"thumb-bg \" ><div class=\"thumb-title-wrap \"><div class=\"thumb-title animated animation-trigger\" data-animation-type=\"none\">Ao\u00fbt 2021<\/div><\/div><\/div><\/div><\/a><\/div><\/div><div class=\"element be-hoverlay not-wide no-wide-width-height style5-hover c_to_c style3-title\"style=\"margin-bottom: 40px;\" data-category-names = \"\"><div class=\"element-inner\" style=\"margin-left: 40px;\"><a href=\"https:\/\/jeanchapuis.fr\/index.php\/portfolio\/juillet-2021\/\" class=\" thumb-wrap   \" data-gdpr-atts={} title=\"Renard\" ><div class=\"flip-wrap\" ><div   style = \"padding-bottom : 62.5%;;\" class=\"flip-img-wrap zoom-in-effect\"><img decoding=\"async\" src=\"https:\/\/jeanchapuis.fr\/wp-content\/uploads\/2021\/09\/DSC_9162-copie-1000x625.jpg\" alt=\"\"\/><\/div><\/div><div class=\"thumb-overlay \"><div class=\"thumb-bg \" ><div class=\"thumb-title-wrap \"><div class=\"thumb-title animated animation-trigger\" data-animation-type=\"none\">Juillet 2021<\/div><\/div><\/div><\/div><\/a><\/div><\/div><div class=\"element be-hoverlay not-wide no-wide-width-height style5-hover c_to_c style3-title\"style=\"margin-bottom: 40px;\" data-category-names = \"\"><div class=\"element-inner\" style=\"margin-left: 40px;\"><a href=\"https:\/\/jeanchapuis.fr\/index.php\/portfolio\/juin-2021\/\" class=\" thumb-wrap   \" data-gdpr-atts={} title=\"Coquelicot\" ><div class=\"flip-wrap\" ><div   style = \"padding-bottom : 62.5%;;\" class=\"flip-img-wrap zoom-in-effect\"><img decoding=\"async\" src=\"https:\/\/jeanchapuis.fr\/wp-content\/uploads\/2021\/09\/DSC_4060-copie-3low-1000x625.jpg\" alt=\"\"\/><\/div><\/div><div class=\"thumb-overlay \"><div class=\"thumb-bg \" ><div class=\"thumb-title-wrap \"><div class=\"thumb-title animated animation-trigger\" data-animation-type=\"none\">Juin 2021<\/div><\/div><\/div><\/div><\/a><\/div><\/div><div class=\"element be-hoverlay not-wide no-wide-width-height style5-hover c_to_c style3-title\"style=\"margin-bottom: 40px;\" data-category-names = \"\"><div class=\"element-inner\" style=\"margin-left: 40px;\"><a href=\"https:\/\/jeanchapuis.fr\/index.php\/portfolio\/mai-2021\/\" class=\" thumb-wrap   \" data-gdpr-atts={} title=\"DSC_8700\" ><div class=\"flip-wrap\" ><div   style = \"padding-bottom : 62.5%;;\" class=\"flip-img-wrap zoom-in-effect\"><img decoding=\"async\" src=\"https:\/\/jeanchapuis.fr\/wp-content\/uploads\/2021\/06\/DSC_8700-copie-4-1000x625.jpg\" alt=\"\"\/><\/div><\/div><div class=\"thumb-overlay \"><div class=\"thumb-bg \" ><div class=\"thumb-title-wrap \"><div class=\"thumb-title animated animation-trigger\" data-animation-type=\"none\">Mai 2021<\/div><\/div><\/div><\/div><\/a><\/div><\/div><div class=\"element be-hoverlay not-wide no-wide-width-height style5-hover c_to_c style3-title\"style=\"margin-bottom: 40px;\" data-category-names = \"\"><div class=\"element-inner\" style=\"margin-left: 40px;\"><a href=\"https:\/\/jeanchapuis.fr\/index.php\/portfolio\/avril-2021\/\" class=\" thumb-wrap   \" data-gdpr-atts={} title=\"la fourmis\" ><div class=\"flip-wrap\" ><div   style = \"padding-bottom : 62.5%;;\" class=\"flip-img-wrap zoom-in-effect\"><img decoding=\"async\" src=\"https:\/\/jeanchapuis.fr\/wp-content\/uploads\/2021\/05\/DSC_7502-copie-low-1000x625.jpg\" alt=\"\"\/><\/div><\/div><div class=\"thumb-overlay \"><div class=\"thumb-bg \" ><div class=\"thumb-title-wrap \"><div class=\"thumb-title animated animation-trigger\" data-animation-type=\"none\">Avril 2021<\/div><\/div><\/div><\/div><\/a><\/div><\/div><div class=\"element be-hoverlay not-wide no-wide-width-height style5-hover c_to_c style3-title\"style=\"margin-bottom: 40px;\" data-category-names = \"\"><div class=\"element-inner\" style=\"margin-left: 40px;\"><a href=\"https:\/\/jeanchapuis.fr\/index.php\/portfolio\/mars-2021\/\" class=\" thumb-wrap   \" data-gdpr-atts={} title=\"Piou\" ><div class=\"flip-wrap\" ><div   style = \"padding-bottom : 62.5%;;\" class=\"flip-img-wrap zoom-in-effect\"><img decoding=\"async\" src=\"https:\/\/jeanchapuis.fr\/wp-content\/uploads\/2021\/04\/DSC_7596-copie-low-1000x625.jpg\" alt=\"\"\/><\/div><\/div><div class=\"thumb-overlay \"><div class=\"thumb-bg \" ><div class=\"thumb-title-wrap \"><div class=\"thumb-title animated animation-trigger\" data-animation-type=\"none\">Mars 2021<\/div><\/div><\/div><\/div><\/a><\/div><\/div><div class=\"element be-hoverlay not-wide no-wide-width-height style5-hover c_to_c style3-title\"style=\"margin-bottom: 40px;\" data-category-names = \"\"><div class=\"element-inner\" style=\"margin-left: 40px;\"><a href=\"https:\/\/jeanchapuis.fr\/index.php\/portfolio\/fevrier-2021\/\" class=\" thumb-wrap   \" data-gdpr-atts={} title=\"ecureuil\" ><div class=\"flip-wrap\" ><div   style = \"padding-bottom : 62.5%;;\" class=\"flip-img-wrap zoom-in-effect\"><img decoding=\"async\" src=\"https:\/\/jeanchapuis.fr\/wp-content\/uploads\/2021\/03\/DSC_5485-copie-copie-1000x625.jpg\" alt=\"\"\/><\/div><\/div><div class=\"thumb-overlay \"><div class=\"thumb-bg \" ><div class=\"thumb-title-wrap \"><div class=\"thumb-title animated animation-trigger\" data-animation-type=\"none\">F\u00e9vrier 2021<\/div><\/div><\/div><\/div><\/a><\/div><\/div><div class=\"element be-hoverlay not-wide no-wide-width-height style5-hover c_to_c style3-title\"style=\"margin-bottom: 40px;\" data-category-names = \"\"><div class=\"element-inner\" style=\"margin-left: 40px;\"><a href=\"https:\/\/jeanchapuis.fr\/index.php\/portfolio\/lannee-2021\/\" class=\" thumb-wrap   \" data-gdpr-atts={} title=\"Ma voisine l'hermine\" ><div class=\"flip-wrap\" ><div   style = \"padding-bottom : 62.5%;;\" class=\"flip-img-wrap zoom-in-effect\"><img decoding=\"async\" src=\"https:\/\/jeanchapuis.fr\/wp-content\/uploads\/2021\/02\/DSC_4260-copie-copie-1000x625.jpg\" alt=\"Ma voisine l'hermine\"\/><\/div><\/div><div class=\"thumb-overlay \"><div class=\"thumb-bg \" ><div class=\"thumb-title-wrap \"><div class=\"thumb-title animated animation-trigger\" data-animation-type=\"none\">Janvier 2021<\/div><\/div><\/div><\/div><\/a><\/div><\/div><\/div><\/div><\/div><\/div><\/div><div class = \"tatsu-column-bg-image-wrap\"><div class = \"tatsu-column-bg-image\" ><\/div><\/div><div class=\"tatsu-overlay tatsu-column-overlay tatsu-animate-none\" ><\/div><\/div><style>.tatsu-row > .tatsu-SkHsT_5X7O.tatsu-column{width: 100%;}.tatsu-SkHsT_5X7O.tatsu-column > .tatsu-column-inner > .tatsu-column-overlay{mix-blend-mode: normal;}.tatsu-SkHsT_5X7O > .tatsu-column-inner > .tatsu-top-divider{z-index: 9999;}.tatsu-SkHsT_5X7O > .tatsu-column-inner > .tatsu-bottom-divider{z-index: 9999;}.tatsu-SkHsT_5X7O > .tatsu-column-inner > .tatsu-left-divider{z-index: 9999;}.tatsu-SkHsT_5X7O > .tatsu-column-inner > .tatsu-right-divider{z-index: 9999;}@media only screen and (max-width:1377px) {.tatsu-row > .tatsu-SkHsT_5X7O.tatsu-column{width: 100%;}}@media only screen and (min-width:768px) and (max-width: 1024px) {.tatsu-row > .tatsu-SkHsT_5X7O.tatsu-column{width: 100%;}}@media only screen and (max-width: 767px) {.tatsu-row > .tatsu-SkHsT_5X7O.tatsu-column{width: 100%;}}<\/style><\/div><\/div><\/div><\/div><div class=\"tatsu-section-background-wrap\"><div class = \"tatsu-section-background\" ><\/div><\/div><div class=\"tatsu-overlay tatsu-section-overlay\"><\/div><style>.tatsu-S1i6OcQXu.tatsu-section{background-color: rgba(241,241,241,1);}.tatsu-S1i6OcQXu .tatsu-section-pad{padding: 90px 0px 90px 0px;}.tatsu-S1i6OcQXu .tatsu-section-offset-wrap{transform: translateY(-0px);}.tatsu-S1i6OcQXu > .tatsu-bottom-divider{z-index: 9999;}.tatsu-S1i6OcQXu > .tatsu-top-divider{z-index: 9999;}.tatsu-S1i6OcQXu .tatsu-section-overlay{mix-blend-mode: normal;}<\/style><\/div>\n","protected":false},"excerpt":{"rendered":"<p><a href=\"https:\/\/jeanchapuis.fr\/index.php\/portfolio\/lannee-2021\/\" class=\"more-link style1-button\">Read More<\/a><\/p>","protected":false},"author":1,"featured_media":0,"parent":0,"menu_order":0,"comment_status":"closed","ping_status":"closed","template":"","meta":{"footnotes":""},"_links":{"self":[{"href":"https:\/\/jeanchapuis.fr\/index.php\/wp-json\/wp\/v2\/pages\/23"}],"collection":[{"href":"https:\/\/jeanchapuis.fr\/index.php\/wp-json\/wp\/v2\/pages"}],"about":[{"href":"https:\/\/jeanchapuis.fr\/index.php\/wp-json\/wp\/v2\/types\/page"}],"author":[{"embeddable":true,"href":"https:\/\/jeanchapuis.fr\/index.php\/wp-json\/wp\/v2\/users\/1"}],"replies":[{"embeddable":true,"href":"https:\/\/jeanchapuis.fr\/index.php\/wp-json\/wp\/v2\/comments?post=23"}],"version-history":[{"count":35,"href":"https:\/\/jeanchapuis.fr\/index.php\/wp-json\/wp\/v2\/pages\/23\/revisions"}],"predecessor-version":[{"id":715,"href":"https:\/\/jeanchapuis.fr\/index.php\/wp-json\/wp\/v2\/pages\/23\/revisions\/715"}],"wp:attachment":[{"href":"https:\/\/jeanchapuis.fr\/index.php\/wp-json\/wp\/v2\/media?parent=23"}],"curies":[{"name":"wp","href":"https:\/\/api.w.org\/{rel}","templated":true}]}}